{"id":1145,"date":"2025-02-11T11:17:40","date_gmt":"2025-02-11T10:17:40","guid":{"rendered":"https:\/\/deliciasfilms.com\/a-propos-de-michele-masse\/"},"modified":"2025-05-09T14:39:10","modified_gmt":"2025-05-09T12:39:10","slug":"a-propos-de-michele-masse","status":"publish","type":"page","link":"https:\/\/deliciasfilms.com\/fr\/a-propos-de-michele-masse\/","title":{"rendered":"\u00c0 propos de Mich\u00e8le Mass\u00e9"},"content":{"rendered":"<p>[et_pb_section fb_built=\u00a0\u00bb1&Prime; _builder_version=\u00a0\u00bb4.27.4&Prime; _module_preset=\u00a0\u00bbdefault\u00a0\u00bb global_colors_info=\u00a0\u00bb{}\u00a0\u00bb][et_pb_row custom_padding_last_edited=\u00a0\u00bbon|phone\u00a0\u00bb _builder_version=\u00a0\u00bb4.27.4&Prime; _module_preset=\u00a0\u00bbdefault\u00a0\u00bb custom_margin_tablet=\u00a0\u00bb\u00a0\u00bb custom_margin_phone=\u00a0\u00bb0px||0px||false|false\u00a0\u00bb custom_margin_last_edited=\u00a0\u00bbon|phone\u00a0\u00bb custom_padding_tablet=\u00a0\u00bb\u00a0\u00bb custom_padding_phone=\u00a0\u00bb0px||0px||false|false\u00a0\u00bb locked=\u00a0\u00bboff\u00a0\u00bb global_colors_info=\u00a0\u00bb{}\u00a0\u00bb][et_pb_column type=\u00a0\u00bb4_4&Prime; _builder_version=\u00a0\u00bb4.27.3&Prime; _module_preset=\u00a0\u00bbdefault\u00a0\u00bb global_colors_info=\u00a0\u00bb{}\u00a0\u00bb][et_pb_text _builder_version=\u00a0\u00bb4.27.4&Prime; _module_preset=\u00a0\u00bbdefault\u00a0\u00bb header_font=\u00a0\u00bb|700|||||||\u00a0\u00bb header_text_align=\u00a0\u00bbcenter\u00a0\u00bb header_font_size=\u00a0\u00bb76px\u00a0\u00bb header_2_font=\u00a0\u00bb||||||||\u00a0\u00bb text_orientation=\u00a0\u00bbcenter\u00a0\u00bb header_font_size_tablet=\u00a0\u00bb76px\u00a0\u00bb header_font_size_phone=\u00a0\u00bb28px\u00a0\u00bb header_font_size_last_edited=\u00a0\u00bbon|phone\u00a0\u00bb global_colors_info=\u00a0\u00bb{}\u00a0\u00bb]A propos de  <\/p>\n<h1>Mich\u00e8le Mass\u00e9<\/h1>\n<p>[\/et_pb_text][\/et_pb_column][\/et_pb_row][et_pb_row column_structure=\u00a0\u00bb1_2,1_2&Prime; _builder_version=\u00a0\u00bb4.27.4&Prime; _module_preset=\u00a0\u00bbdefault\u00a0\u00bb width=\u00a0\u00bb70%\u00a0\u00bb width_tablet=\u00a0\u00bb70%\u00a0\u00bb width_phone=\u00a0\u00bb90%\u00a0\u00bb width_last_edited=\u00a0\u00bbon|desktop\u00a0\u00bb global_colors_info=\u00a0\u00bb{}\u00a0\u00bb][et_pb_column type=\u00a0\u00bb1_2&Prime; _builder_version=\u00a0\u00bb4.27.4&Prime; _module_preset=\u00a0\u00bbdefault\u00a0\u00bb custom_padding=\u00a0\u00bb||||false|false\u00a0\u00bb global_colors_info=\u00a0\u00bb{}\u00a0\u00bb][et_pb_text _builder_version=\u00a0\u00bb4.27.4&Prime; _module_preset=\u00a0\u00bbdefault\u00a0\u00bb header_2_font=\u00a0\u00bb|800|||||||\u00a0\u00bb header_2_font_size=\u00a0\u00bb31px\u00a0\u00bb custom_padding=\u00a0\u00bb30px||||false|false\u00a0\u00bb header_2_font_size_tablet=\u00a0\u00bb31px\u00a0\u00bb header_2_font_size_phone=\u00a0\u00bb23px\u00a0\u00bb header_2_font_size_last_edited=\u00a0\u00bbon|phone\u00a0\u00bb global_colors_info=\u00a0\u00bb{}\u00a0\u00bb]<\/p>\n<h2>Biographie<\/h2>\n<p>[\/et_pb_text][et_pb_text _builder_version=\u00a0\u00bb4.27.4&Prime; _module_preset=\u00a0\u00bbdefault\u00a0\u00bb text_font_size_tablet=\u00a0\u00bb\u00a0\u00bb text_font_size_phone=\u00a0\u00bb15px\u00a0\u00bb text_font_size_last_edited=\u00a0\u00bbon|phone\u00a0\u00bb global_colors_info=\u00a0\u00bb{}\u00a0\u00bb]<\/p>\n<p>Dipl\u00f4m\u00e9e de l&rsquo;INSAS \u00e0 Bruxelles en 1989, j&rsquo;ai commenc\u00e9 par r\u00e9aliser un court m\u00e9trage de fiction suivi de plusieurs documentaires.<\/p>\n<p>Dans mon travail de r\u00e9alisateur, qu&rsquo;il s&rsquo;agisse de documentaires ou de fictions, je m&rsquo;int\u00e9resse avant tout au portrait. Je me concentre sur des personnes anonymes et je raconte leur vie, leur histoire. Mes derniers films traitent de femmes engag\u00e9es \u00e0 diff\u00e9rentes \u00e9poques et de diff\u00e9rentes mani\u00e8res, et je souhaite continuer \u00e0 explorer ce th\u00e8me.<\/p>\n<p>Je d\u00e9veloppe actuellement plusieurs projets en tant que productrice ex\u00e9cutive. Je vous invite \u00e0 me contacter pour tout projet.<\/p>\n<p>[\/et_pb_text][\/et_pb_column][et_pb_column type=\u00a0\u00bb1_2&Prime; _builder_version=\u00a0\u00bb4.27.4&Prime; _module_preset=\u00a0\u00bbdefault\u00a0\u00bb global_colors_info=\u00a0\u00bb{}\u00a0\u00bb][et_pb_image src=\u00a0\u00bbhttps:\/\/deliciasfilms.com\/wp-content\/uploads\/2025\/02\/Michel-masse-productora.jpg\u00a0\u00bb alt=\u00a0\u00bbMich\u00e8le Mass\u00e9\u00a0\u00bb title_text=\u00a0\u00bbMichel-masse-producteur\u00a0\u00bb _builder_version=\u00a0\u00bb4.27.4&Prime; _module_preset=\u00a0\u00bbdefault\u00a0\u00bb custom_margin=\u00a0\u00bb||||false|false\u00a0\u00bb custom_padding=\u00a0\u00bb||||false|false\u00a0\u00bb global_colors_info=\u00a0\u00bb{}\u00a0\u00bb][\/et_pb_image][\/et_pb_column][\/et_pb_row][et_pb_row column_structure=\u00a0\u00bb1_3,1_3,1_3&Prime; use_custom_gutter=\u00a0\u00bbon\u00a0\u00bb gutter_width=\u00a0\u00bb2&Prime; custom_padding_last_edited=\u00a0\u00bbon|phone\u00a0\u00bb _builder_version=\u00a0\u00bb4.27.4&Prime; _module_preset=\u00a0\u00bbdefault\u00a0\u00bb width=\u00a0\u00bb850px\u00a0\u00bb width_tablet=\u00a0\u00bb850px\u00a0\u00bb width_phone=\u00a0\u00bb100%\u00a0\u00bb width_last_edited=\u00a0\u00bbon|phone\u00a0\u00bb max_width=\u00a0\u00bb900px\u00a0\u00bb custom_margin=\u00a0\u00bb50px||||false|false\u00a0\u00bb custom_margin_tablet=\u00a0\u00bb50px||||false|false\u00a0\u00bb custom_margin_phone=\u00a0\u00bb0px||0px||false|false\u00a0\u00bb custom_margin_last_edited=\u00a0\u00bbon|desktop\u00a0\u00bb custom_padding_tablet=\u00a0\u00bb\u00a0\u00bb custom_padding_phone=\u00a0\u00bb0px||0px||false|false\u00a0\u00bb module_alignment_tablet=\u00a0\u00bb\u00a0\u00bb module_alignment_phone=\u00a0\u00bbcenter\u00a0\u00bb module_alignment_last_edited=\u00a0\u00bbon|phone\u00a0\u00bb global_colors_info=\u00a0\u00bb{}\u00a0\u00bb][et_pb_column type=\u00a0\u00bb1_3&Prime; _builder_version=\u00a0\u00bb4.27.4&Prime; _module_preset=\u00a0\u00bbdefault\u00a0\u00bb global_colors_info=\u00a0\u00bb{}\u00a0\u00bb][et_pb_button button_url=\u00a0\u00bbhttps:\/\/www.imdb.com\/es-es\/name\/nm0999438\/?ref_=fn_al_nm_1&Prime; url_new_window=\u00a0\u00bbon\u00a0\u00bb button_text=\u00a0\u00bbProfil IMDb\u00a0\u00bb button_alignment=\u00a0\u00bbright\u00a0\u00bb button_alignment_tablet=\u00a0\u00bbright\u00a0\u00bb button_alignment_phone=\u00a0\u00bbcenter\u00a0\u00bb button_alignment_last_edited=\u00a0\u00bbon|phone\u00a0\u00bb _builder_version=\u00a0\u00bb4.27.4&Prime; _module_preset=\u00a0\u00bbdefault\u00a0\u00bb custom_button=\u00a0\u00bbon\u00a0\u00bb button_text_size=\u00a0\u00bb20px\u00a0\u00bb button_text_color=\u00a0\u00bb#000000&Prime; button_bg_color=\u00a0\u00bbRGBA(255,255,255,0)\u00a0\u00bb button_border_color=\u00a0\u00bb#e54120&Prime; button_border_radius=\u00a0\u00bb6px\u00a0\u00bb button_font=\u00a0\u00bb||||||||\u00a0\u00bb button_icon=\u00a0\u00bb&#xe108;||divi||400&Prime; button_icon_color=\u00a0\u00bb#bc4e00&Prime; button_icon_placement=\u00a0\u00bbleft\u00a0\u00bb button_on_hover=\u00a0\u00bboff\u00a0\u00bb custom_margin=\u00a0\u00bb||||false|false\u00a0\u00bb global_colors_info=\u00a0\u00bb{}\u00a0\u00bb][\/et_pb_button][\/et_pb_column][et_pb_column type=\u00a0\u00bb1_3&Prime; _builder_version=\u00a0\u00bb4.27.4&Prime; _module_preset=\u00a0\u00bbdefault\u00a0\u00bb global_colors_info=\u00a0\u00bb{}\u00a0\u00bb][et_pb_button button_url=\u00a0\u00bbhttps:\/\/www.linkedin.com\/in\/michelemasse\/\u00a0\u00bb url_new_window=\u00a0\u00bbon\u00a0\u00bb button_text=\u00a0\u00bbProfil Linkedin\u00a0\u00bb button_alignment=\u00a0\u00bbcenter\u00a0\u00bb _builder_version=\u00a0\u00bb4.27.4&Prime; _module_preset=\u00a0\u00bbdefault\u00a0\u00bb custom_button=\u00a0\u00bbon\u00a0\u00bb button_text_size=\u00a0\u00bb20px\u00a0\u00bb button_text_color=\u00a0\u00bb#000000&Prime; button_border_color=\u00a0\u00bb#e54120&Prime; button_border_radius=\u00a0\u00bb6px\u00a0\u00bb button_icon=\u00a0\u00bb&#xf0e1;||fa||400&Prime; button_icon_color=\u00a0\u00bb#bf461a\u00a0\u00bb button_icon_placement=\u00a0\u00bbleft\u00a0\u00bb button_on_hover=\u00a0\u00bboff\u00a0\u00bb global_colors_info=\u00a0\u00bb{}\u00a0\u00bb][\/et_pb_button][\/et_pb_column][et_pb_column type=\u00a0\u00bb1_3&Prime; _builder_version=\u00a0\u00bb4.27.4&Prime; _module_preset=\u00a0\u00bbdefault\u00a0\u00bb global_colors_info=\u00a0\u00bb{}\u00a0\u00bb][et_pb_button button_url=\u00a0\u00bbhttps:\/\/www.instagram.com\/delicias_films\/\u00a0\u00bb url_new_window=\u00a0\u00bbon\u00a0\u00bb button_text=\u00a0\u00bbProfil Instagram\u00a0\u00bb button_alignment=\u00a0\u00bbleft\u00a0\u00bb button_alignment_tablet=\u00a0\u00bbleft\u00a0\u00bb button_alignment_phone=\u00a0\u00bbcenter\u00a0\u00bb button_alignment_last_edited=\u00a0\u00bbon|phone\u00a0\u00bb _builder_version=\u00a0\u00bb4.27.4&Prime; _module_preset=\u00a0\u00bbdefault\u00a0\u00bb custom_button=\u00a0\u00bbon\u00a0\u00bb button_text_size=\u00a0\u00bb20px\u00a0\u00bb button_border_color=\u00a0\u00bb#e54120&Prime; button_border_radius=\u00a0\u00bb6px\u00a0\u00bb button_icon=\u00a0\u00bb&#xe09a;||divi||400&Prime; button_icon_color=\u00a0\u00bb#c9471c\u00a0\u00bb button_icon_placement=\u00a0\u00bbleft\u00a0\u00bb button_on_hover=\u00a0\u00bboff\u00a0\u00bb global_colors_info=\u00a0\u00bb{}\u00a0\u00bb][\/et_pb_button][\/et_pb_column][\/et_pb_row][et_pb_row column_structure=\u00a0\u00bb1_4,3_4&Prime; _builder_version=\u00a0\u00bb4.27.4&Prime; _module_preset=\u00a0\u00bbdefault\u00a0\u00bb background_color=\u00a0\u00bb#ca4c15&Prime; width=\u00a0\u00bb70%\u00a0\u00bb width_tablet=\u00a0\u00bb70%\u00a0\u00bb width_phone=\u00a0\u00bb90%\u00a0\u00bb width_last_edited=\u00a0\u00bbon|desktop\u00a0\u00bb custom_margin=\u00a0\u00bb50px||||false|false\u00a0\u00bb custom_padding=\u00a0\u00bb60px|60px|60px|60px|true|true\u00a0\u00bb global_colors_info=\u00a0\u00bb{}\u00a0\u00bb][et_pb_column type=\u00a0\u00bb1_4&Prime; _builder_version=\u00a0\u00bb4.27.4&Prime; _module_preset=\u00a0\u00bbdefault\u00a0\u00bb global_colors_info=\u00a0\u00bb{}\u00a0\u00bb][et_pb_image src=\u00a0\u00bbhttps:\/\/deliciasfilms.com\/wp-content\/uploads\/2025\/02\/ojo.png\u00a0\u00bb title_text=\u00a0\u00bb\u0153il\u00a0\u00bb _builder_version=\u00a0\u00bb4.27.4&Prime; _module_preset=\u00a0\u00bbdefault\u00a0\u00bb width_tablet=\u00a0\u00bb\u00a0\u00bb width_phone=\u00a0\u00bb30%\u00a0\u00bb width_last_edited=\u00a0\u00bbon|phone\u00a0\u00bb global_colors_info=\u00a0\u00bb{}\u00a0\u00bb][\/et_pb_image][et_pb_text _builder_version=\u00a0\u00bb4.27.4&Prime; _module_preset=\u00a0\u00bbdefault\u00a0\u00bb text_font=\u00a0\u00bb|700|||||||\u00a0\u00bb text_text_color=\u00a0\u00bb#FFFFFF\u00a0\u00bb header_2_font=\u00a0\u00bb|800|||||||\u00a0\u00bb header_2_text_color=\u00a0\u00bb#FFFFFF\u00a0\u00bb header_2_font_size=\u00a0\u00bb31px\u00a0\u00bb header_2_line_height=\u00a0\u00bb1.2em\u00a0\u00bb custom_margin=\u00a0\u00bb30px||||false|false\u00a0\u00bb hover_enabled=\u00a0\u00bb0&Prime; header_2_font_size_tablet=\u00a0\u00bb31px\u00a0\u00bb header_2_font_size_phone=\u00a0\u00bb23px\u00a0\u00bb header_2_font_size_last_edited=\u00a0\u00bbon|phone\u00a0\u00bb global_colors_info=\u00a0\u00bb{}\u00a0\u00bb sticky_enabled=\u00a0\u00bb0&Prime;]<\/p>\n<h2>Filmographie<\/h2>\n<p>(productrice, productrice ex\u00e9cutive)<\/p>\n<p>[\/et_pb_text][\/et_pb_column][et_pb_column type=\u00a0\u00bb3_4&Prime; _builder_version=\u00a0\u00bb4.27.4&Prime; _module_preset=\u00a0\u00bbdefault\u00a0\u00bb global_colors_info=\u00a0\u00bb{}\u00a0\u00bb][et_pb_text _builder_version=\u00a0\u00bb4.27.4&Prime; _module_preset=\u00a0\u00bbdefault\u00a0\u00bb text_text_color=\u00a0\u00bb#FFFFFF\u00a0\u00bb text_line_height=\u00a0\u00bb2.1em\u00a0\u00bb ul_line_height=\u00a0\u00bb1.4em\u00a0\u00bb text_font_size_tablet=\u00a0\u00bb\u00a0\u00bb text_font_size_phone=\u00a0\u00bb14px\u00a0\u00bb text_font_size_last_edited=\u00a0\u00bbon|phone\u00a0\u00bb global_colors_info=\u00a0\u00bb{}\u00a0\u00bb]<\/p>\n<ul>\n<li>Production ex\u00e9cutive Espagne, <strong>MERCATO<\/strong>, de Tristan S\u00e9gu\u00e9la, produit par Pitchipo\u00ef productions &#8211; 2024<\/li>\n<li><strong>LA CULPABLE<\/strong>, de Mar\u00eda Guerra, en coproduction avec Marta Feliciana Fuertes Mart\u00ednez, Arkatamus Films, S.L.U., El Patio Films, S.L. &#8211; 2024<\/li>\n<li><strong>ESTO NO ES NORUEGA<\/strong>, de Alicia Albares et Paco Cavero, en coproduction avec Ignacio Gutierrez Solana Aizpurua, Mordisco Films, S.L. Fenix Camaleon, S.L. &#8211; Gessas Producciones, S.L.U., Amca Producciones, S.L., Shift Dif, S.L., Inge Arango Vela &#8211; 2023<\/li>\n<li><strong>3LLLAMADAS<\/strong>, de Mich\u00e8le Mass\u00e9, produit par delights films Paris &#8211; 2020<\/li>\n<li><strong>JULOT &amp; CIA<\/strong>, de Mich\u00e8le Mass\u00e9, produit par delights films Paris &#8211; 2019<\/li>\n<li><strong>DEAR LADY DIRECTOR<\/strong>, de Mich\u00e8le Mass\u00e9, produit par delights films Paris &#8211; 2019<\/li>\n<li><strong>BAXTAL\u00d3 DROM, LA VOIE DE LA CHANCE<\/strong>, de Mich\u00e8le Mass\u00e9, produit par delicias films Paris &#8211; 2016<\/li>\n<li><strong>LES FEN\u00caTRES OUVERTES<\/strong>, de Mich\u00e8le Mass\u00e9, produit par delights films Paris, diffus\u00e9 sur plusieurs plateformes de vid\u00e9o \u00e0 la demande &#8211; 2014<\/li>\n<\/ul>\n<p>[\/et_pb_text][\/et_pb_column][\/et_pb_row][et_pb_row column_structure=\u00a0\u00bb1_4,3_4&Prime; _builder_version=\u00a0\u00bb4.27.4&Prime; _module_preset=\u00a0\u00bbdefault\u00a0\u00bb background_color=\u00a0\u00bb#eec4a7&Prime; width=\u00a0\u00bb70%\u00a0\u00bb width_tablet=\u00a0\u00bb70%\u00a0\u00bb width_phone=\u00a0\u00bb90%\u00a0\u00bb width_last_edited=\u00a0\u00bbon|desktop\u00a0\u00bb custom_margin=\u00a0\u00bb50px||||false|false\u00a0\u00bb custom_padding=\u00a0\u00bb60px|60px|60px|60px|true|true\u00a0\u00bb global_colors_info=\u00a0\u00bb{}\u00a0\u00bb][et_pb_column type=\u00a0\u00bb1_4&Prime; _builder_version=\u00a0\u00bb4.27.4&Prime; _module_preset=\u00a0\u00bbdefault\u00a0\u00bb global_colors_info=\u00a0\u00bb{}\u00a0\u00bb][et_pb_icon font_icon=\u00a0\u00bb&#xf008;||fa||900&Prime; icon_color=\u00a0\u00bb#FFFFFF\u00a0\u00bb align=\u00a0\u00bbleft\u00a0\u00bb icon_width_tablet=\u00a0\u00bb\u00a0\u00bb icon_width_phone=\u00a0\u00bb55px\u00a0\u00bb icon_width_last_edited=\u00a0\u00bbon|phone\u00a0\u00bb _builder_version=\u00a0\u00bb4.27.4&Prime; _module_preset=\u00a0\u00bbdefault\u00a0\u00bb global_colors_info=\u00a0\u00bb{}\u00a0\u00bb][\/et_pb_icon][et_pb_text _builder_version=\u00a0\u00bb4.27.4&Prime; _module_preset=\u00a0\u00bbdefault\u00a0\u00bb header_2_font=\u00a0\u00bb|800|||||||\u00a0\u00bb header_2_font_size=\u00a0\u00bb31px\u00a0\u00bb header_2_font_size_tablet=\u00a0\u00bb31px\u00a0\u00bb header_2_font_size_phone=\u00a0\u00bb23px\u00a0\u00bb header_2_font_size_last_edited=\u00a0\u00bbon|phone\u00a0\u00bb global_colors_info=\u00a0\u00bb{}\u00a0\u00bb]<\/p>\n<h2>Filmographie  <\/h2>\n<p>( directeur )[\/et_pb_text][et_pb_text _builder_version=\u00a0\u00bb4.27.4&Prime; _module_preset=\u00a0\u00bbdefault\u00a0\u00bb text_font=\u00a0\u00bbComing Soon||||||||\u00a0\u00bb text_line_height=\u00a0\u00bb1.5em\u00a0\u00bb hover_enabled=\u00a0\u00bb0&Prime; text_font_size_tablet=\u00a0\u00bb\u00a0\u00bb text_font_size_phone=\u00a0\u00bb14px\u00a0\u00bb text_font_size_last_edited=\u00a0\u00bbon|phone\u00a0\u00bb global_colors_info=\u00a0\u00bb{}\u00a0\u00bb sticky_enabled=\u00a0\u00bb0&Prime;]<\/p>\n<p><em>Vous pouvez les voir <strong><a href=\"https:\/\/www.imdb.com\/name\/nm0999438\/?ref_=fn_al_nm_1\" target=\"_blank\" rel=\"noopener\">ici<\/a><\/strong> les films auxquels j&rsquo;ai particip\u00e9 en tant que <strong>responsable des rep\u00e9rages ou assistante de r\u00e9alisation<\/strong>.<\/em><\/p>\n<p>[\/et_pb_text][\/et_pb_column][et_pb_column type=\u00a0\u00bb3_4&Prime; _builder_version=\u00a0\u00bb4.27.4&Prime; _module_preset=\u00a0\u00bbdefault\u00a0\u00bb global_colors_info=\u00a0\u00bb{}\u00a0\u00bb][et_pb_text _builder_version=\u00a0\u00bb4.27.4&Prime; _module_preset=\u00a0\u00bbdefault\u00a0\u00bb ul_line_height=\u00a0\u00bb1.4em\u00a0\u00bb text_font_size_tablet=\u00a0\u00bb\u00a0\u00bb text_font_size_phone=\u00a0\u00bb14px\u00a0\u00bb text_font_size_last_edited=\u00a0\u00bbon|phone\u00a0\u00bb global_colors_info=\u00a0\u00bb{}\u00a0\u00bb]<\/p>\n<ul>\n<li><strong>3 APPELS<\/strong>, produit par delicias films Paris &#8211; 2020<\/li>\n<li><strong>JULOT &amp; CIA<\/strong>, produit par delicias films Paris &#8211; 2019<\/li>\n<li><strong>DEAR LADY DIRECTOR<\/strong>, produit par delicias films Paris &#8211; 2019<\/li>\n<li><strong>BAXTAL\u00d3 DROM, LA VOIE DE LA CHANCE<\/strong>, produit par delicias films Paris &#8211; 2016.<\/li>\n<li><strong>LAS VENTANAS ABIERTAS<\/strong>, produit par delicias films Paris, diffus\u00e9 sur plusieurs plateformes de vid\u00e9o \u00e0 la demande &#8211; 2014.<\/li>\n<li><strong>L&rsquo;ENGAGEMENT<\/strong>, produit par Ana Films &#8211; diffus\u00e9 par France 3 (dans plusieurs r\u00e9gions), RFO, Images Plus &#8211; 2010.<\/li>\n<li><strong>INTEGRATIONS<\/strong>, produit par Les productions de la Lanterne, diffus\u00e9 par RTV &#8211; 2004.<\/li>\n<li><strong>LES FR\u00c8RES LIGNON<\/strong>, produit par Les productions de la Lanterne, diffus\u00e9 par C9 &#8211; 1997.<\/li>\n<li><strong>VECINDADES<\/strong>, produit par Les films Titien &#8211; 1996.<\/li>\n<li><strong>A TODA MARCHA<\/strong>, produit par le service communication de la ville du Havre, diffus\u00e9 sur France 3 Normandie &#8211; 1990.<\/li>\n<\/ul>\n<p>[\/et_pb_text][\/et_pb_column][\/et_pb_row][\/et_pb_section]<\/p>\n","protected":false},"excerpt":{"rendered":"<p>A propos de Mich\u00e8le Mass\u00e9BiographieDipl\u00f4m\u00e9e de l&rsquo;INSAS \u00e0 Bruxelles en 1989, j&rsquo;ai commenc\u00e9 par r\u00e9aliser un court m\u00e9trage de fiction suivi de plusieurs documentaires. Dans mon travail de r\u00e9alisateur, qu&rsquo;il s&rsquo;agisse de documentaires ou de fictions, je m&rsquo;int\u00e9resse avant tout au portrait. Je me concentre sur des personnes anonymes et je raconte leur vie, leur [&hellip;]<\/p>\n","protected":false},"author":1,"featured_media":0,"parent":0,"menu_order":0,"comment_status":"closed","ping_status":"closed","template":"","meta":{"_et_pb_use_builder":"on","_et_pb_old_content":"","_et_gb_content_width":"","footnotes":""},"class_list":["post-1145","page","type-page","status-publish","hentry"],"yoast_head":"<!-- This site is optimized with the Yoast SEO plugin v24.7 - https:\/\/yoast.com\/wordpress\/plugins\/seo\/ -->\n<title>\u00c0 propos de Mich\u00e8le Mass\u00e9 - Delicias films<\/title>\n<meta name=\"robots\" content=\"index, follow, max-snippet:-1, max-image-preview:large, max-video-preview:-1\" \/>\n<link rel=\"canonical\" href=\"https:\/\/deliciasfilms.com\/fr\/a-propos-de-michele-masse\/\" \/>\n<meta property=\"og:locale\" content=\"fr_FR\" \/>\n<meta property=\"og:type\" content=\"article\" \/>\n<meta property=\"og:title\" content=\"\u00c0 propos de Mich\u00e8le Mass\u00e9 - Delicias films\" \/>\n<meta property=\"og:description\" content=\"A propos de Mich\u00e8le Mass\u00e9BiographieDipl\u00f4m\u00e9e de l&#039;INSAS \u00e0 Bruxelles en 1989, j&#039;ai commenc\u00e9 par r\u00e9aliser un court m\u00e9trage de fiction suivi de plusieurs documentaires. Dans mon travail de r\u00e9alisateur, qu&#039;il s&#039;agisse de documentaires ou de fictions, je m&#039;int\u00e9resse avant tout au portrait. Je me concentre sur des personnes anonymes et je raconte leur vie, leur [&hellip;]\" \/>\n<meta property=\"og:url\" content=\"https:\/\/deliciasfilms.com\/fr\/a-propos-de-michele-masse\/\" \/>\n<meta property=\"og:site_name\" content=\"Delicias films\" \/>\n<meta property=\"article:modified_time\" content=\"2025-05-09T12:39:10+00:00\" \/>\n<meta name=\"twitter:card\" content=\"summary_large_image\" \/>\n<meta name=\"twitter:label1\" content=\"Dur\u00e9e de lecture estim\u00e9e\" \/>\n\t<meta name=\"twitter:data1\" content=\"8 minutes\" \/>\n<script type=\"application\/ld+json\" class=\"yoast-schema-graph\">{\"@context\":\"https:\/\/schema.org\",\"@graph\":[{\"@type\":\"WebPage\",\"@id\":\"https:\/\/deliciasfilms.com\/fr\/a-propos-de-michele-masse\/\",\"url\":\"https:\/\/deliciasfilms.com\/fr\/a-propos-de-michele-masse\/\",\"name\":\"\u00c0 propos de Mich\u00e8le Mass\u00e9 - Delicias films\",\"isPartOf\":{\"@id\":\"https:\/\/deliciasfilms.com\/#website\"},\"datePublished\":\"2025-02-11T10:17:40+00:00\",\"dateModified\":\"2025-05-09T12:39:10+00:00\",\"breadcrumb\":{\"@id\":\"https:\/\/deliciasfilms.com\/fr\/a-propos-de-michele-masse\/#breadcrumb\"},\"inLanguage\":\"fr-FR\",\"potentialAction\":[{\"@type\":\"ReadAction\",\"target\":[\"https:\/\/deliciasfilms.com\/fr\/a-propos-de-michele-masse\/\"]}]},{\"@type\":\"BreadcrumbList\",\"@id\":\"https:\/\/deliciasfilms.com\/fr\/a-propos-de-michele-masse\/#breadcrumb\",\"itemListElement\":[{\"@type\":\"ListItem\",\"position\":1,\"name\":\"Portada\",\"item\":\"https:\/\/deliciasfilms.com\/fr\/accueil\/\"},{\"@type\":\"ListItem\",\"position\":2,\"name\":\"\u00c0 propos de Mich\u00e8le Mass\u00e9\"}]},{\"@type\":\"WebSite\",\"@id\":\"https:\/\/deliciasfilms.com\/#website\",\"url\":\"https:\/\/deliciasfilms.com\/\",\"name\":\"Delicias films\",\"description\":\"Productora audivisual en Madrid\",\"publisher\":{\"@id\":\"https:\/\/deliciasfilms.com\/#organization\"},\"potentialAction\":[{\"@type\":\"SearchAction\",\"target\":{\"@type\":\"EntryPoint\",\"urlTemplate\":\"https:\/\/deliciasfilms.com\/?s={search_term_string}\"},\"query-input\":{\"@type\":\"PropertyValueSpecification\",\"valueRequired\":true,\"valueName\":\"search_term_string\"}}],\"inLanguage\":\"fr-FR\"},{\"@type\":\"Organization\",\"@id\":\"https:\/\/deliciasfilms.com\/#organization\",\"name\":\"Delicias films\",\"url\":\"https:\/\/deliciasfilms.com\/\",\"logo\":{\"@type\":\"ImageObject\",\"inLanguage\":\"fr-FR\",\"@id\":\"https:\/\/deliciasfilms.com\/#\/schema\/logo\/image\/\",\"url\":\"https:\/\/deliciasfilms.com\/wp-content\/uploads\/2025\/02\/logo-deliciasfilms.png\",\"contentUrl\":\"https:\/\/deliciasfilms.com\/wp-content\/uploads\/2025\/02\/logo-deliciasfilms.png\",\"width\":201,\"height\":31,\"caption\":\"Delicias films\"},\"image\":{\"@id\":\"https:\/\/deliciasfilms.com\/#\/schema\/logo\/image\/\"},\"sameAs\":[\"https:\/\/www.instagram.com\/delicias_films\/\",\"https:\/\/www.linkedin.com\/in\/michelemasse\/\"]}]}<\/script>\n<!-- \/ Yoast SEO plugin. -->","yoast_head_json":{"title":"\u00c0 propos de Mich\u00e8le Mass\u00e9 - Delicias films","robots":{"index":"index","follow":"follow","max-snippet":"max-snippet:-1","max-image-preview":"max-image-preview:large","max-video-preview":"max-video-preview:-1"},"canonical":"https:\/\/deliciasfilms.com\/fr\/a-propos-de-michele-masse\/","og_locale":"fr_FR","og_type":"article","og_title":"\u00c0 propos de Mich\u00e8le Mass\u00e9 - Delicias films","og_description":"A propos de Mich\u00e8le Mass\u00e9BiographieDipl\u00f4m\u00e9e de l'INSAS \u00e0 Bruxelles en 1989, j'ai commenc\u00e9 par r\u00e9aliser un court m\u00e9trage de fiction suivi de plusieurs documentaires. Dans mon travail de r\u00e9alisateur, qu'il s'agisse de documentaires ou de fictions, je m'int\u00e9resse avant tout au portrait. Je me concentre sur des personnes anonymes et je raconte leur vie, leur [&hellip;]","og_url":"https:\/\/deliciasfilms.com\/fr\/a-propos-de-michele-masse\/","og_site_name":"Delicias films","article_modified_time":"2025-05-09T12:39:10+00:00","twitter_card":"summary_large_image","twitter_misc":{"Dur\u00e9e de lecture estim\u00e9e":"8 minutes"},"schema":{"@context":"https:\/\/schema.org","@graph":[{"@type":"WebPage","@id":"https:\/\/deliciasfilms.com\/fr\/a-propos-de-michele-masse\/","url":"https:\/\/deliciasfilms.com\/fr\/a-propos-de-michele-masse\/","name":"\u00c0 propos de Mich\u00e8le Mass\u00e9 - Delicias films","isPartOf":{"@id":"https:\/\/deliciasfilms.com\/#website"},"datePublished":"2025-02-11T10:17:40+00:00","dateModified":"2025-05-09T12:39:10+00:00","breadcrumb":{"@id":"https:\/\/deliciasfilms.com\/fr\/a-propos-de-michele-masse\/#breadcrumb"},"inLanguage":"fr-FR","potentialAction":[{"@type":"ReadAction","target":["https:\/\/deliciasfilms.com\/fr\/a-propos-de-michele-masse\/"]}]},{"@type":"BreadcrumbList","@id":"https:\/\/deliciasfilms.com\/fr\/a-propos-de-michele-masse\/#breadcrumb","itemListElement":[{"@type":"ListItem","position":1,"name":"Portada","item":"https:\/\/deliciasfilms.com\/fr\/accueil\/"},{"@type":"ListItem","position":2,"name":"\u00c0 propos de Mich\u00e8le Mass\u00e9"}]},{"@type":"WebSite","@id":"https:\/\/deliciasfilms.com\/#website","url":"https:\/\/deliciasfilms.com\/","name":"Delicias films","description":"Productora audivisual en Madrid","publisher":{"@id":"https:\/\/deliciasfilms.com\/#organization"},"potentialAction":[{"@type":"SearchAction","target":{"@type":"EntryPoint","urlTemplate":"https:\/\/deliciasfilms.com\/?s={search_term_string}"},"query-input":{"@type":"PropertyValueSpecification","valueRequired":true,"valueName":"search_term_string"}}],"inLanguage":"fr-FR"},{"@type":"Organization","@id":"https:\/\/deliciasfilms.com\/#organization","name":"Delicias films","url":"https:\/\/deliciasfilms.com\/","logo":{"@type":"ImageObject","inLanguage":"fr-FR","@id":"https:\/\/deliciasfilms.com\/#\/schema\/logo\/image\/","url":"https:\/\/deliciasfilms.com\/wp-content\/uploads\/2025\/02\/logo-deliciasfilms.png","contentUrl":"https:\/\/deliciasfilms.com\/wp-content\/uploads\/2025\/02\/logo-deliciasfilms.png","width":201,"height":31,"caption":"Delicias films"},"image":{"@id":"https:\/\/deliciasfilms.com\/#\/schema\/logo\/image\/"},"sameAs":["https:\/\/www.instagram.com\/delicias_films\/","https:\/\/www.linkedin.com\/in\/michelemasse\/"]}]}},"_links":{"self":[{"href":"https:\/\/deliciasfilms.com\/fr\/wp-json\/wp\/v2\/pages\/1145","targetHints":{"allow":["GET"]}}],"collection":[{"href":"https:\/\/deliciasfilms.com\/fr\/wp-json\/wp\/v2\/pages"}],"about":[{"href":"https:\/\/deliciasfilms.com\/fr\/wp-json\/wp\/v2\/types\/page"}],"author":[{"embeddable":true,"href":"https:\/\/deliciasfilms.com\/fr\/wp-json\/wp\/v2\/users\/1"}],"replies":[{"embeddable":true,"href":"https:\/\/deliciasfilms.com\/fr\/wp-json\/wp\/v2\/comments?post=1145"}],"version-history":[{"count":7,"href":"https:\/\/deliciasfilms.com\/fr\/wp-json\/wp\/v2\/pages\/1145\/revisions"}],"predecessor-version":[{"id":1197,"href":"https:\/\/deliciasfilms.com\/fr\/wp-json\/wp\/v2\/pages\/1145\/revisions\/1197"}],"wp:attachment":[{"href":"https:\/\/deliciasfilms.com\/fr\/wp-json\/wp\/v2\/media?parent=1145"}],"curies":[{"name":"wp","href":"https:\/\/api.w.org\/{rel}","templated":true}]}}